{"id":4400,"date":"2021-10-12T15:51:09","date_gmt":"2021-10-12T15:51:09","guid":{"rendered":"http:\/\/dummy.xtemos.com\/woodmart2\/elementor\/?page_id=4400"},"modified":"2025-05-09T20:03:37","modified_gmt":"2025-05-09T20:03:37","slug":"about-us-3","status":"publish","type":"page","link":"https:\/\/www.jatcontrols.mhaceros.com\/?page_id=4400","title":{"rendered":"About us"},"content":{"rendered":"\t\t<div data-elementor-type=\"wp-page\" data-elementor-id=\"4400\" class=\"elementor elementor-4400\" data-elementor-post-type=\"page\">\n\t\t\t\t\t\t<section class=\"wd-negative-gap elementor-section elementor-top-section elementor-element elementor-element-5d2267b1 elementor-section-full_width elementor-section-height-default elementor-section-height-default\" data-id=\"5d2267b1\" data-element_type=\"section\" data-settings=\"{&quot;background_background&quot;:&quot;classic&quot;}\">\n\t\t\t\t\t\t<div class=\"elementor-container elementor-column-gap-default\">\n\t\t\t\t\t<div class=\"elementor-column elementor-col-33 elementor-top-column elementor-element elementor-element-3349cbdb\" data-id=\"3349cbdb\" data-element_type=\"column\">\n\t\t\t<div class=\"elementor-widget-wrap\">\n\t\t\t\t\t\t\t<\/div>\n\t\t<\/div>\n\t\t\t\t<div class=\"elementor-column elementor-col-33 elementor-top-column elementor-element elementor-element-3a4d29f6\" data-id=\"3a4d29f6\" data-element_type=\"column\">\n\t\t\t<div class=\"elementor-widget-wrap elementor-element-populated\">\n\t\t\t\t\t\t<div class=\"elementor-element elementor-element-712696c5 wd-width-100 elementor-widget elementor-widget-wd_title\" data-id=\"712696c5\" data-element_type=\"widget\" data-widget_type=\"wd_title.default\">\n\t\t\t\t<div class=\"elementor-widget-container\">\n\t\t\t\t\t\t\t<div class=\"title-wrapper wd-set-mb reset-last-child wd-title-color-primary wd-title-style-default wd-title-size-default text-center\">\n\n\t\t\t\n\t\t\t<div class=\"liner-continer\">\n\t\t\t\t<h4 class=\"woodmart-title-container title wd-fontsize-l\">Servicios de automatizaci\u00f3n industrial<\/h4> \n\t\t\t\t\t\t\t<\/div>\n\n\t\t\t\t\t<\/div>\n\t\t\t\t\t\t<\/div>\n\t\t\t\t<\/div>\n\t\t\t\t\t<\/div>\n\t\t<\/div>\n\t\t\t\t<div class=\"elementor-column elementor-col-33 elementor-top-column elementor-element elementor-element-2389c3da\" data-id=\"2389c3da\" data-element_type=\"column\">\n\t\t\t<div class=\"elementor-widget-wrap\">\n\t\t\t\t\t\t\t<\/div>\n\t\t<\/div>\n\t\t\t\t\t<\/div>\n\t\t<\/section>\n\t\t\t\t<section class=\"wd-negative-gap elementor-section elementor-top-section elementor-element elementor-element-6f83e9a elementor-section-content-middle wd-section-stretch-content elementor-section-boxed elementor-section-height-default elementor-section-height-default\" data-id=\"6f83e9a\" data-element_type=\"section\" data-settings=\"{&quot;background_background&quot;:&quot;classic&quot;,&quot;shape_divider_top&quot;:&quot;wd_curved_line&quot;}\">\n\t\t\t\t\t<div class=\"elementor-shape elementor-shape-top\" data-negative=\"false\">\n\t\t\t<svg xmlns=\"http:\/\/www.w3.org\/2000\/svg\" class=\"wd-divider\" xmlns:xlink=\"http:\/\/www.w3.org\/1999\/xlink\" x=\"0px\" y=\"0px\"\n\t viewBox=\"0 0 100 100\" width=\"100%\" height=\"50px\" preserveAspectRatio=\"none\">\n<path class=\"elementor-shape-fill\" display=\"none\" d=\"M100,25.8V100H0V52.5c-4.9-6.8-9.5-13.8-15-19.7V101h125V20.9C106.3,22,103,23.7,100,25.8z\"\/>\n<path class=\"elementor-shape-fill\" d=\"M0,0v99c22-20.6,28.7-69.7,61.4-69.7c18.8,0,29.1,16.2,38.6,34V0L0,0z\"\/>\n<\/svg>\n\t\t<\/div>\n\t\t\t\t\t<div class=\"elementor-container elementor-column-gap-no\">\n\t\t\t\t\t<div class=\"elementor-column elementor-col-100 elementor-top-column elementor-element elementor-element-57f4c1e\" data-id=\"57f4c1e\" data-element_type=\"column\">\n\t\t\t<div class=\"elementor-widget-wrap elementor-element-populated\">\n\t\t\t\t\t\t<div class=\"elementor-element elementor-element-14c951d wd-parallax-on-scroll wd_scroll_x_0 wd_scroll_y_-40 wd_scroll_z_0 wd_scroll_smoothness_30 elementor-widget elementor-widget-wd_image_or_svg\" data-id=\"14c951d\" data-element_type=\"widget\" data-widget_type=\"wd_image_or_svg.default\">\n\t\t\t\t<div class=\"elementor-widget-container\">\n\t\t\t\t\t\n\t\t<div class=\"wd-image text-center\">\n\t\t\t\t\t\t\t\t<img fetchpriority=\"high\" decoding=\"async\" width=\"1600\" height=\"1200\" src=\"https:\/\/www.jatcontrols.conexioneducativainternacional.com\/wp-content\/uploads\/2023\/03\/IMG-20240614-WA0008.jpg\" class=\"attachment-full size-full\" alt=\"\" srcset=\"http:\/\/www.jatcontrols.conexioneducativainternacional.com\/wp-content\/uploads\/2023\/03\/IMG-20240614-WA0008.jpg 1600w, http:\/\/www.jatcontrols.conexioneducativainternacional.com\/wp-content\/uploads\/2023\/03\/IMG-20240614-WA0008-400x300.jpg 400w, http:\/\/www.jatcontrols.conexioneducativainternacional.com\/wp-content\/uploads\/2023\/03\/IMG-20240614-WA0008-1067x800.jpg 1067w, http:\/\/www.jatcontrols.conexioneducativainternacional.com\/wp-content\/uploads\/2023\/03\/IMG-20240614-WA0008-768x576.jpg 768w, http:\/\/www.jatcontrols.conexioneducativainternacional.com\/wp-content\/uploads\/2023\/03\/IMG-20240614-WA0008-1536x1152.jpg 1536w, http:\/\/www.jatcontrols.conexioneducativainternacional.com\/wp-content\/uploads\/2023\/03\/IMG-20240614-WA0008-430x323.jpg 430w, http:\/\/www.jatcontrols.conexioneducativainternacional.com\/wp-content\/uploads\/2023\/03\/IMG-20240614-WA0008-700x525.jpg 700w, http:\/\/www.jatcontrols.conexioneducativainternacional.com\/wp-content\/uploads\/2023\/03\/IMG-20240614-WA0008-150x113.jpg 150w\" sizes=\"(max-width: 1600px) 100vw, 1600px\" \/>\t\t\t\t\t<\/div>\n\n\t\t\t\t\t\t<\/div>\n\t\t\t\t<\/div>\n\t\t\t\t\t<\/div>\n\t\t<\/div>\n\t\t\t\t<div class=\"elementor-column elementor-col-100 elementor-top-column elementor-element elementor-element-6f22f04b\" data-id=\"6f22f04b\" data-element_type=\"column\">\n\t\t\t<div class=\"elementor-widget-wrap elementor-element-populated\">\n\t\t\t\t\t\t<div class=\"elementor-element elementor-element-520101aa elementor-widget__width-initial elementor-widget elementor-widget-wd_text_block\" data-id=\"520101aa\" data-element_type=\"widget\" data-widget_type=\"wd_text_block.default\">\n\t\t\t\t<div class=\"elementor-widget-container\">\n\t\t\t\t\t\t\t<div class=\"wd-text-block reset-last-child text-left\">\n\t\t\t\n\t\t\t<div class=\"wpb_text_column us_custom_a7b7de2e us_animate_this start\"><div class=\"wpb_wrapper\"><p>En\u00a0<strong>JAT CONTROLS.<\/strong>, somos especialistas en el suministro e instalaci\u00f3n de sistemas el\u00e9ctricos, asegurando el m\u00e1s alto est\u00e1ndar de calidad y seguridad. Nuestro equipo de ingenieros altamente capacitados y con amplia experiencia en el sector el\u00e9ctrico se encarga de gestionar todos los aspectos del proyecto, desde la planificaci\u00f3n hasta la puesta en marcha.<\/p><\/div><\/div><h5 class=\"w-text\"><span class=\"w-text-h\"><span class=\"w-text-value\">Nuestros Servicios Incluyen:<\/span><\/span><\/h5><div class=\"wpb_text_column us_custom_a7b7de2e us_animate_this start\"><div class=\"wpb_wrapper\"><ul><li>Ingenier\u00eda y dise\u00f1o personalizado de sistemas el\u00e9ctricos para todo tipo de edificaciones.<\/li><li>Suministro de equipos el\u00e9ctricos de \u00faltima tecnolog\u00eda, garantizando durabilidad y eficiencia energ\u00e9tica.<\/li><li>Instalaci\u00f3n y montaje de redes el\u00e9ctricas de baja, media y alta tensi\u00f3n, asegurando su correcta operaci\u00f3n.<\/li><li>Puesta en servicio y pruebas de funcionamiento para garantizar la \u00f3ptima operatividad de los sistemas el\u00e9ctricos<\/li><\/ul><\/div><\/div><h5 class=\"w-text\"><span class=\"w-text-h\"><span class=\"w-text-value\">Ventajas de nuestras instalaciones el\u00e9ctricas:<\/span><\/span><\/h5><div class=\"wpb_text_column us_custom_a7b7de2e us_animate_this start\"><div class=\"wpb_wrapper\"><ul><li><strong>Eficiencia energ\u00e9tica<\/strong>: Reducimos los costos operativos mediante soluciones eficientes.<\/li><li><strong>Seguridad optimizada<\/strong>: Cumplimos con todas las normativas nacionales e internacionales de seguridad el\u00e9ctrica.<\/li><li><strong>Durabilidad garantizada<\/strong>: Utilizamos materiales de alta calidad y un dise\u00f1o adecuado a las necesidades del cliente.<\/li><li><strong>Soporte t\u00e9cnico permanente<\/strong>: Aseguramos la continuidad operativa de tu infraestructura con mantenimiento y asistencia t\u00e9cnica post-instalaci\u00f3n.<\/li><\/ul><\/div><\/div><h4 class=\"w-text us_custom_8f2ba1f4 us_animate_this start\"><span class=\"w-text-h\"><span class=\"w-text-value\">\u00bfPor qu\u00e9 elegirnos?<\/span><\/span><\/h4><div class=\"wpb_text_column us_custom_c3ba8dea us_animate_this start\"><div class=\"wpb_wrapper\"><p>Con\u00a0<strong>JAT CONTROLS<\/strong>, te aseguras de contar con un socio confiable y con experiencia en el mercado el\u00e9ctrico, que ofrece soluciones integrales y personalizadas, adaptadas a las necesidades espec\u00edficas de cada proyecto. Nos comprometemos a entregar instalaciones el\u00e9ctricas que cumplen con los m\u00e1s altos est\u00e1ndares de calidad, proporcionando seguridad y eficiencia a largo plazo.<\/p><\/div><\/div>\n\t\t\t\t\t<\/div>\n\t\t\t\t\t\t<\/div>\n\t\t\t\t<\/div>\n\t\t\t\t\t<\/div>\n\t\t<\/div>\n\t\t\t\t\t<\/div>\n\t\t<\/section>\n\t\t\t\t<section class=\"wd-negative-gap elementor-section elementor-top-section elementor-element elementor-element-29cbd5de elementor-section-boxed elementor-section-height-default elementor-section-height-default\" data-id=\"29cbd5de\" data-element_type=\"section\">\n\t\t\t\t\t\t<div class=\"elementor-container elementor-column-gap-default\">\n\t\t\t\t\t<div class=\"elementor-column elementor-col-50 elementor-top-column elementor-element elementor-element-147141ee\" data-id=\"147141ee\" data-element_type=\"column\">\n\t\t\t<div class=\"elementor-widget-wrap elementor-element-populated\">\n\t\t\t\t\t\t<div class=\"elementor-element elementor-element-7970c769 wd-width-100 elementor-widget elementor-widget-wd_title\" data-id=\"7970c769\" data-element_type=\"widget\" data-widget_type=\"wd_title.default\">\n\t\t\t\t<div class=\"elementor-widget-container\">\n\t\t\t\t\t\t\t<div class=\"title-wrapper wd-set-mb reset-last-child wd-title-color-default wd-title-style-bordered wd-title-size-default text-left\">\n\n\t\t\t\n\t\t\t<div class=\"liner-continer\">\n\t\t\t\t<h4 class=\"woodmart-title-container title wd-fontsize-l\">Solicitar cotizaci\u00f3n<\/h4> \n\t\t\t\t\t\t\t<\/div>\n\n\t\t\t\t\t<\/div>\n\t\t\t\t\t\t<\/div>\n\t\t\t\t<\/div>\n\t\t\t\t<div class=\"elementor-element elementor-element-6a31c8d6 wd-cf7 elementor-widget elementor-widget-wd_contact_form_7\" data-id=\"6a31c8d6\" data-element_type=\"widget\" data-widget_type=\"wd_contact_form_7.default\">\n\t\t\t\t<div class=\"elementor-widget-container\">\n\t\t\t\t\t\n<div class=\"wpcf7 no-js\" id=\"wpcf7-f1572-o1\" lang=\"en-US\" dir=\"ltr\" data-wpcf7-id=\"1572\">\n<div class=\"screen-reader-response\"><p role=\"status\" aria-live=\"polite\" aria-atomic=\"true\"><\/p> <ul><\/ul><\/div>\n<form action=\"\/index.php?rest_route=%2Fwp%2Fv2%2Fpages%2F4400#wpcf7-f1572-o1\" method=\"post\" class=\"wpcf7-form init\" aria-label=\"Contact form\" novalidate=\"novalidate\" data-status=\"init\">\n<div style=\"display: none;\">\n<input type=\"hidden\" name=\"_wpcf7\" value=\"1572\" \/>\n<input type=\"hidden\" name=\"_wpcf7_version\" value=\"6.0.6\" \/>\n<input type=\"hidden\" name=\"_wpcf7_locale\" value=\"en_US\" \/>\n<input type=\"hidden\" name=\"_wpcf7_unit_tag\" value=\"wpcf7-f1572-o1\" \/>\n<input type=\"hidden\" name=\"_wpcf7_container_post\" value=\"0\" \/>\n<input type=\"hidden\" name=\"_wpcf7_posted_data_hash\" value=\"\" \/>\n<\/div>\n<div class=\"wd-grid-g\">\n\t<div class=\"wd-grid-f-stretch\">\n\t\t<div class=\"wd-col\">\n\t\t\t<p><label>Your Name<\/label><span class=\"wpcf7-form-control-wrap\" data-name=\"your-name\"><input size=\"40\" maxlength=\"400\" class=\"wpcf7-form-control wpcf7-text wpcf7-validates-as-required\" aria-required=\"true\" aria-invalid=\"false\" value=\"\" type=\"text\" name=\"your-name\" \/><\/span>\n\t\t\t<\/p>\n\t\t<\/div>\n\t\t<div class=\"wd-col\">\n\t\t\t<p><label>Your Email<\/label><span class=\"wpcf7-form-control-wrap\" data-name=\"your-email\"><input size=\"40\" maxlength=\"400\" class=\"wpcf7-form-control wpcf7-email wpcf7-validates-as-required wpcf7-text wpcf7-validates-as-email\" aria-required=\"true\" aria-invalid=\"false\" value=\"\" type=\"email\" name=\"your-email\" \/><\/span>\n\t\t\t<\/p>\n\t\t<\/div>\n\t<\/div>\n\t<div class=\"wd-grid-f-stretch\">\n\t\t<div class=\"wd-col\">\n\t\t\t<p><label>Phone Number<\/label><span class=\"wpcf7-form-control-wrap\" data-name=\"tel-767\"><input size=\"40\" maxlength=\"400\" class=\"wpcf7-form-control wpcf7-tel wpcf7-text wpcf7-validates-as-tel\" aria-invalid=\"false\" value=\"\" type=\"tel\" name=\"tel-767\" \/><\/span>\n\t\t\t<\/p>\n\t\t<\/div>\n\t\t<div class=\"wd-col\">\n\t\t\t<p><label>Company<\/label><span class=\"wpcf7-form-control-wrap\" data-name=\"text-1\"><input size=\"40\" maxlength=\"400\" class=\"wpcf7-form-control wpcf7-text\" aria-invalid=\"false\" value=\"\" type=\"text\" name=\"text-1\" \/><\/span>\n\t\t\t<\/p>\n\t\t<\/div>\n\t<\/div>\n\t<div>\n\t\t<p><label>Your Message<\/label><span class=\"wpcf7-form-control-wrap\" data-name=\"your-message\"><textarea cols=\"40\" rows=\"10\" maxlength=\"2000\" class=\"wpcf7-form-control wpcf7-textarea\" aria-invalid=\"false\" name=\"your-message\"><\/textarea><\/span>\n\t\t<\/p>\n\t<\/div>\n\t<div>\n\t\t<p><input class=\"wpcf7-form-control wpcf7-submit has-spinner btn-color-black\" type=\"submit\" value=\"ASK A QUESTION\" \/>\n\t\t<\/p>\n\t<\/div>\n<\/div><div class=\"wpcf7-response-output\" aria-hidden=\"true\"><\/div>\n<\/form>\n<\/div>\n\t\t\t\t<\/div>\n\t\t\t\t<\/div>\n\t\t\t\t\t<\/div>\n\t\t<\/div>\n\t\t\t\t<div class=\"elementor-column elementor-col-50 elementor-top-column elementor-element elementor-element-09b8203\" data-id=\"09b8203\" data-element_type=\"column\">\n\t\t\t<div class=\"elementor-widget-wrap elementor-element-populated\">\n\t\t\t\t\t\t<section class=\"wd-negative-gap elementor-section elementor-inner-section elementor-element elementor-element-9924ca8 elementor-section-boxed elementor-section-height-default elementor-section-height-default\" data-id=\"9924ca8\" data-element_type=\"section\">\n\t\t\t\t\t\t<div class=\"elementor-container elementor-column-gap-default\">\n\t\t\t\t\t<div class=\"elementor-column elementor-col-100 elementor-inner-column elementor-element elementor-element-16331b0\" data-id=\"16331b0\" data-element_type=\"column\">\n\t\t\t<div class=\"elementor-widget-wrap elementor-element-populated\">\n\t\t\t\t\t\t<div class=\"elementor-element elementor-element-8e01400 wd-width-100 elementor-widget elementor-widget-wd_title\" data-id=\"8e01400\" data-element_type=\"widget\" data-widget_type=\"wd_title.default\">\n\t\t\t\t<div class=\"elementor-widget-container\">\n\t\t\t\t\t\t\t<div class=\"title-wrapper wd-set-mb reset-last-child wd-title-color-primary wd-title-style-default wd-title-size-default text-center\">\n\n\t\t\t\n\t\t\t<div class=\"liner-continer\">\n\t\t\t\t<h4 class=\"woodmart-title-container title wd-fontsize-l\">WHATSAPP<\/h4> \n\t\t\t\t\t\t\t<\/div>\n\n\t\t\t\t\t<\/div>\n\t\t\t\t\t\t<\/div>\n\t\t\t\t<\/div>\n\t\t\t\t<div class=\"elementor-element elementor-element-25d8aae elementor-widget elementor-widget-wd_text_block\" data-id=\"25d8aae\" data-element_type=\"widget\" data-widget_type=\"wd_text_block.default\">\n\t\t\t\t<div class=\"elementor-widget-container\">\n\t\t\t\t\t\t\t<div class=\"wd-text-block reset-last-child text-center\">\n\t\t\t\n\t\t\t<!DOCTYPE html>\n<html lang=\"es\">\n<head>\n  <meta charset=\"UTF-8\">\n  <title>WhatsApp Contacto<\/title>\n  <link rel=\"stylesheet\" href=\"https:\/\/cdnjs.cloudflare.com\/ajax\/libs\/font-awesome\/6.5.0\/css\/all.min.css\">\n  <style>\n    .whatsapp-contacto {\n      display: inline-flex;\n      align-items: center;\n      padding: 12px 18px;\n      background-color: #25D366;\n      color: white;\n      font-size: 18px;\n      font-weight: bold;\n      border-radius: 8px;\n      text-decoration: none;\n      box-shadow: 0 4px 10px rgba(0, 0, 0, 0.2);\n      transition: background-color 0.3s ease, transform 0.2s ease;\n    }\n\n    .whatsapp-contacto i {\n      margin-right: 10px;\n      font-size: 22px;\n    }\n\n    .whatsapp-contacto:hover {\n      background-color: #1ebe5c;\n      transform: scale(1.05);\n    }\n  <\/style>\n<\/head>\n<body>\n\n  <a href=\"https:\/\/wa.me\/51908849418\" class=\"whatsapp-contacto\" target=\"_blank\">\n    <i class=\"fab fa-whatsapp\"><\/i> 908-849-418\n  <\/a>\n\n<\/body>\n<\/html>\n\t\t\t\t\t<\/div>\n\t\t\t\t\t\t<\/div>\n\t\t\t\t<\/div>\n\t\t\t\t<div class=\"elementor-element elementor-element-414c313 wd-width-100 elementor-widget elementor-widget-wd_title\" data-id=\"414c313\" data-element_type=\"widget\" data-widget_type=\"wd_title.default\">\n\t\t\t\t<div class=\"elementor-widget-container\">\n\t\t\t\t\t\t\t<div class=\"title-wrapper wd-set-mb reset-last-child wd-title-color-default wd-title-style-bordered wd-title-size-default text-center\">\n\n\t\t\t\n\t\t\t<div class=\"liner-continer\">\n\t\t\t\t<h4 class=\"woodmart-title-container title wd-fontsize-l\">S\u00cdGUENOS<\/h4> \n\t\t\t\t\t\t\t<\/div>\n\n\t\t\t\t\t<\/div>\n\t\t\t\t\t\t<\/div>\n\t\t\t\t<\/div>\n\t\t\t\t<div class=\"elementor-element elementor-element-33de584 elementor-widget elementor-widget-wd_social_buttons\" data-id=\"33de584\" data-element_type=\"widget\" data-widget_type=\"wd_social_buttons.default\">\n\t\t\t\t<div class=\"elementor-widget-container\">\n\t\t\t\t\t\t\t\t<div id=\"\" class=\" wd-social-icons wd-style-bordered wd-size-small social-share wd-shape-circle color-scheme-dark text-center\">\n\t\t\t\t\n\t\t\t\t\n\t\t\t\t\t\t\t\t\t<a rel=\"noopener noreferrer nofollow\" href=\"https:\/\/www.facebook.com\/sharer\/sharer.php?u=https:\/\/www.jatcontrols.mhaceros.com\/?page_id=4400\" target=\"_blank\" class=\" wd-social-icon social-facebook\" aria-label=\"Facebook social link\">\n\t\t\t\t\t\t<span class=\"wd-icon\"><\/span>\n\t\t\t\t\t\t\t\t\t\t\t<\/a>\n\t\t\t\t\n\t\t\t\t\t\t\t\t\t<a rel=\"noopener noreferrer nofollow\" href=\"https:\/\/x.com\/share?url=https:\/\/www.jatcontrols.mhaceros.com\/?page_id=4400\" target=\"_blank\" class=\" wd-social-icon social-twitter\" aria-label=\"X social link\">\n\t\t\t\t\t\t<span class=\"wd-icon\"><\/span>\n\t\t\t\t\t\t\t\t\t\t\t<\/a>\n\t\t\t\t\n\t\t\t\t\n\t\t\t\t\n\t\t\t\t\n\t\t\t\t\n\t\t\t\t\n\t\t\t\t\t\t\t\t\t<a rel=\"noopener noreferrer nofollow\" href=\"https:\/\/pinterest.com\/pin\/create\/button\/?url=https:\/\/www.jatcontrols.mhaceros.com\/?page_id=4400&media=https:\/\/www.jatcontrols.mhaceros.com\/wp-includes\/images\/media\/default.svg&description=About+us\" target=\"_blank\" class=\" wd-social-icon social-pinterest\" aria-label=\"Pinterest social link\">\n\t\t\t\t\t\t<span class=\"wd-icon\"><\/span>\n\t\t\t\t\t\t\t\t\t\t\t<\/a>\n\t\t\t\t\n\t\t\t\t\n\t\t\t\t\t\t\t\t\t<a rel=\"noopener noreferrer nofollow\" href=\"https:\/\/www.linkedin.com\/shareArticle?mini=true&url=https:\/\/www.jatcontrols.mhaceros.com\/?page_id=4400\" target=\"_blank\" class=\" wd-social-icon social-linkedin\" aria-label=\"Linkedin social link\">\n\t\t\t\t\t\t<span class=\"wd-icon\"><\/span>\n\t\t\t\t\t\t\t\t\t\t\t<\/a>\n\t\t\t\t\n\t\t\t\t\n\t\t\t\t\n\t\t\t\t\n\t\t\t\t\n\t\t\t\t\n\t\t\t\t\n\t\t\t\t\n\t\t\t\t\n\t\t\t\t\n\t\t\t\t\n\t\t\t\t\n\t\t\t\t\n\t\t\t\t\n\t\t\t\t\n\t\t\t\t\n\t\t\t\t\t\t\t\t\t<a rel=\"noopener noreferrer nofollow\" href=\"https:\/\/telegram.me\/share\/url?url=https:\/\/www.jatcontrols.mhaceros.com\/?page_id=4400\" target=\"_blank\" class=\" wd-social-icon social-tg\" aria-label=\"Telegram social link\">\n\t\t\t\t\t\t<span class=\"wd-icon\"><\/span>\n\t\t\t\t\t\t\t\t\t\t\t<\/a>\n\t\t\t\t\n\t\t\t\t\n\t\t\t<\/div>\n\n\t\t\t\t\t\t<\/div>\n\t\t\t\t<\/div>\n\t\t\t\t\t<\/div>\n\t\t<\/div>\n\t\t\t\t\t<\/div>\n\t\t<\/section>\n\t\t\t\t\t<\/div>\n\t\t<\/div>\n\t\t\t\t\t<\/div>\n\t\t<\/section>\n\t\t\t\t<\/div>\n\t\t","protected":false},"excerpt":{"rendered":"<p>Servicios de automatizaci\u00f3n industrial En\u00a0JAT CONTROLS., somos especialistas en el suministro e instalaci\u00f3n de sistemas el\u00e9ctricos, asegurando el m\u00e1s alto<\/p>\n","protected":false},"author":1,"featured_media":0,"parent":0,"menu_order":0,"comment_status":"closed","ping_status":"closed","template":"","meta":{"footnotes":""},"class_list":["post-4400","page","type-page","status-publish","hentry"],"_links":{"self":[{"href":"https:\/\/www.jatcontrols.mhaceros.com\/index.php?rest_route=\/wp\/v2\/pages\/4400","targetHints":{"allow":["GET"]}}],"collection":[{"href":"https:\/\/www.jatcontrols.mhaceros.com\/index.php?rest_route=\/wp\/v2\/pages"}],"about":[{"href":"https:\/\/www.jatcontrols.mhaceros.com\/index.php?rest_route=\/wp\/v2\/types\/page"}],"author":[{"embeddable":true,"href":"https:\/\/www.jatcontrols.mhaceros.com\/index.php?rest_route=\/wp\/v2\/users\/1"}],"replies":[{"embeddable":true,"href":"https:\/\/www.jatcontrols.mhaceros.com\/index.php?rest_route=%2Fwp%2Fv2%2Fcomments&post=4400"}],"version-history":[{"count":15,"href":"https:\/\/www.jatcontrols.mhaceros.com\/index.php?rest_route=\/wp\/v2\/pages\/4400\/revisions"}],"predecessor-version":[{"id":15718,"href":"https:\/\/www.jatcontrols.mhaceros.com\/index.php?rest_route=\/wp\/v2\/pages\/4400\/revisions\/15718"}],"wp:attachment":[{"href":"https:\/\/www.jatcontrols.mhaceros.com\/index.php?rest_route=%2Fwp%2Fv2%2Fmedia&parent=4400"}],"curies":[{"name":"wp","href":"https:\/\/api.w.org\/{rel}","templated":true}]}}